{"id":1062,"date":"2016-09-15T16:00:18","date_gmt":"2016-09-15T16:00:18","guid":{"rendered":"http:\/\/www.pension-antonia.at\/en\/?page_id=1062"},"modified":"2025-10-10T13:16:20","modified_gmt":"2025-10-10T13:16:20","slug":"room-prices","status":"publish","type":"page","link":"https:\/\/www.pension-antonia.at\/en\/room-prices\/","title":{"rendered":"Prices"},"content":{"rendered":"<div class=\"vc_row wpb_row vc_row-fluid vc_custom_1452354717863\"><div class=\"wpb_column vc_column_container vc_col-sm-12 vc_col-xs-1\"><div class=\"wpb_wrapper\">\n        <h1 class=\"lined-heading mt50\">\n            <span>\n            Apartement prices\n            <\/span>\n        <\/h1>\n        <\/div><\/div><\/div><div class=\"vc_row wpb_row vc_row-fluid\"><div class=\"wpb_column vc_column_container vc_col-sm-12\"><div class=\"wpb_wrapper\">\n\t<div class=\"wpb_text_column wpb_content_element \">\n\t\t<div class=\"wpb_wrapper\">\n\t\t\t<h2 style=\"text-align: center;\">Prices for all our holiday flats at a glance<\/h2>\n\n\t\t<\/div>\n\t<\/div>\n<\/div><\/div><\/div><div class=\"vc_row wpb_row vc_row-fluid vc_custom_1452437330715\"><div class=\"wpb_column vc_column_container vc_col-sm-12 vc_hidden-lg vc_hidden-md vc_hidden-sm vc_hidden-xs\"><div class=\"wpb_wrapper\">\n\t<div class=\"wpb_text_column wpb_content_element  vc_custom_1453823332474\">\n\t\t<div class=\"wpb_wrapper\">\n\t\t\t<table class=\"price-table table aligncenter\" border=\"0\" cellspacing=\"0\" cellpadding=\"0\">\n<tbody>\n<tr>\n<td><\/td>\n<td><\/td>\n<td><b>\u00a0 \u00a0 \u00a0 \u00a0 \u00a0 \u00a0 \u00a0 \u00a0 Vor- und Nachsaison<\/b><b>\u00a0 \u00a0 \u00a0 \u00a0 \u00a0 \u00a0 \u00a0 \u00a0 \u00a0 \u00a0 \u00a0 \u00a0 \u00a0 \u00a0 \u00a0x -x \u00a0 \u00a0 \u00a0 \u00a0 \u00a0 \u00a0 \u00a0 \u00a0 \u00a0 \u00a0 \u00a0 \u00a0 \u00a0 \u00a0 \u00a0\u00a0<\/b><\/td>\n<td><b>\u00a0 \u00a0 \u00a0 \u00a0 \u00a0 \u00a0 \u00a0 \u00a0 Hauptsaison<\/b><b>\u00a0 \u00a0 \u00a0 \u00a0 \u00a0 \u00a0 \u00a0 \u00a0 \u00a0 \u00a0 \u00a0 \u00a0 x -x \u00a0 \u00a0 \u00a0 \u00a0 \u00a0 \u00a0 \u00a0 \u00a0 \u00a0 \u00a0 \u00a0 \u00a0 \u00a0<\/b><\/td>\n<\/tr>\n<tr>\n<th style=\"text-align: left;\" colspan=\"8\"><\/th>\n<\/tr>\n<tr>\n<td><strong>\u00a0 \u00a0 \u00a0 \u00a0 \u00a0 \u00a0Zimmer \u00a0 \u00a0 \u00a0 \u00a0 \u00a0 \u00a0<\/strong><\/td>\n<td style=\"text-align: center;\"><\/td>\n<td style=\"text-align: center;\"><\/td>\n<td style=\"text-align: center;\"><\/td>\n<\/tr>\n<tr>\n<td style=\"text-align: center;\">Doppelzimmer<\/td>\n<td style=\"text-align: center;\">20\u00a0m2<\/td>\n<td style=\"text-align: center;\">36,-<\/td>\n<td style=\"text-align: center;\">38,-<\/td>\n<\/tr>\n<tr>\n<td style=\"text-align: center;\">Dreibettzimmer<\/td>\n<td style=\"text-align: center;\">20\u00a0m2<\/td>\n<td style=\"text-align: center;\">30,-<\/td>\n<td style=\"text-align: center;\">35,-<\/td>\n<\/tr>\n<tr>\n<td style=\"text-align: center;\">Einzelzimmer<\/td>\n<td style=\"text-align: center;\">20\u00a0m2<\/td>\n<td style=\"text-align: center;\">45,-<\/td>\n<td style=\"text-align: center;\">Preis auf Anfrage<\/td>\n<\/tr>\n<tr>\n<th style=\"text-align: left;\" colspan=\"8\"><\/th>\n<\/tr>\n<tr>\n<td style=\"text-align: center;\"><strong>Studio<\/strong><\/td>\n<td style=\"text-align: center;\"><\/td>\n<td style=\"text-align: center;\"><\/td>\n<td style=\"text-align: center;\"><\/td>\n<\/tr>\n<tr>\n<td style=\"text-align: center;\">Studio 9<\/td>\n<td style=\"text-align: center;\">30\u00a0m2<\/td>\n<td style=\"text-align: center;\">76,-<\/td>\n<td style=\"text-align: center;\">80<\/td>\n<\/tr>\n<tr>\n<th style=\"text-align: left;\" colspan=\"8\"><\/th>\n<\/tr>\n<tr>\n<td style=\"text-align: center;\"><strong>Ferienwohnungen<\/strong><\/td>\n<td style=\"text-align: center;\"><\/td>\n<td style=\"text-align: center;\"><\/td>\n<td style=\"text-align: center;\"><\/td>\n<\/tr>\n<tr>\n<td style=\"text-align: center;\">Bergblick<\/td>\n<td style=\"text-align: center;\">40\u00a0m2<\/td>\n<td style=\"text-align: center;\">80,-<\/td>\n<td style=\"text-align: center;\">87,-<\/td>\n<\/tr>\n<tr>\n<td style=\"text-align: center;\">Seeblick<\/td>\n<td style=\"text-align: center;\">60\u00a0m2<\/td>\n<td style=\"text-align: center;\">90,-<\/td>\n<td style=\"text-align: center;\">110,-<\/td>\n<\/tr>\n<\/tbody>\n<\/table>\n\n\t\t<\/div>\n\t<\/div>\n<\/div><\/div><\/div><div class=\"vc_row wpb_row vc_row-fluid\"><div class=\"wpb_column vc_column_container vc_col-sm-12\"><div class=\"wpb_wrapper\">\n\t<div class=\"wpb_text_column wpb_content_element \">\n\t\t<div class=\"wpb_wrapper\">\n\t\t\t<div id=\"pricesFrame\"><\/div>\n<p><script src=\"\/\/www.easy-booking.at\/ebPlugins\/prices\/jquery.easybooking.pricelist.v2.js\" type=\"text\/javascript\"><\/script><script type=\"text\/javascript\">\/\/ <!&#091;CDATA&#091;\nfunction ebPricesLoadedCheck() { if(typeof jQuery != \"undefined\") { if(jQuery.fn.ebPricelist) { jQuery(\"#pricesFrame\").ebPricelist({ customerId: 2318, serialNo: \"4755-5151-1490\", localeId: 1, loadCSS : true, arrivalDate : \"\", category : \"all\", showAvailability: true, enquiryPage : \"popup\", bookingPage : \"popup\" }); } else{setTimeout(ebPricesLoadedCheck,200);} }else{setTimeout(ebPricesLoadedCheck,200);} } ebPricesLoadedCheck();\n\/\/ &#093;&#093;><\/script><\/p>\n\n\t\t<\/div>\n\t<\/div>\n<\/div><\/div><\/div><div class=\"vc_row wpb_row vc_row-fluid\"><div class=\"wpb_column vc_column_container vc_col-sm-12\"><div class=\"wpb_wrapper\">\n\t<div class=\"wpb_text_column wpb_content_element \">\n\t\t<div class=\"wpb_wrapper\">\n\t\t\t<p style=\"text-align: center;\">All prices quoted are <strong>per night<\/strong><strong>\u00a0in EURO<\/strong>, do not include local taxes and are valid for stays of 4 nights or more.<br \/>\nFor shorter stays of 1 to 3 nights a <strong>10% supplement<\/strong> will be charged.<\/p>\n<p style=\"text-align: center;\"><strong>Babies and toddlers<\/strong> up to the age of 3 are free of charge \u2013 child reductions on request.<\/p>\n\n\t\t<\/div>\n\t<\/div>\n<\/div><\/div><\/div><div class=\"vc_row wpb_row vc_row-fluid\"><div class=\"wpb_column vc_column_container vc_col-sm-12 vc_hidden-lg vc_hidden-md vc_hidden-sm vc_hidden-xs\"><div class=\"wpb_wrapper\">\n      <table class=\"table table-striped mt30\">\n        <tbody>\n            \n        <tr>\n        \n        <td>\n         \u00a0 \u00a0 \u00a0 \u00a0 \u00a0 \u00a0 \u00a0 \u00a0 \u00a0 \u00a0 \u00a0 \u00a0 Nebensaison \u00a0 \u00a0Hauptsaison\u00a0\n        <\/td>\n  \n        <\/tr>\n  \n\n        <tr>\n        \n        <td>\n         \u00a0 \u00a0 \u00a0 \u00a0 \u00a0 \u00a0 \u00a0 \u00a0 \u00a0 \u00a0 \u00a0 \u00a0 \u00a0 \u00a0 \u00a0 \u00a0 \u00a0 \u00a0 \u00a0 \u00a0 \u00a0 x-x\u00a0 \u00a0 \u00a0 \u00a0 \u00a0 \u00a0 \u00a0 \u00a0 \u00a0 \u00a0x-x\n        <\/td>\n  \n        <\/tr>\n  \n\n        <tr>\n        \n        <td>\n        Doppelzimmer \u00a0 \u00a0 \u00a0 \u00a0 \u00a0 \u00a0 \u00a0 \u00a0 \u00a035,- \u00a0 \u00a0 \u00a0 \u00a0 \u00a0 \u00a0 \u00a0 \u00a0 65,-\n        <\/td>\n  \n        <\/tr>\n  \n\n        <tr>\n        \n        <td>\n        Dreibettzimmer \u00a0 \u00a0 \u00a0 \u00a0 \u00a0 \u00a0 \u00a0 \u00a0 35,- \u00a0 \u00a0 \u00a0 \u00a0 \u00a0 \u00a0 \u00a0 \u00a065,-\n        <\/td>\n  \n        <\/tr>\n  \n\n        <tr>\n        \n        <td>\n        Einzelzimmer \u00a0 \u00a0 \u00a0 \u00a0 \u00a0 \u00a0 \u00a0 \u00a0 \u00a0 \u00a035,- \u00a0 \u00a0 \u00a0 \u00a0 \u00a0 \u00a0 \u00a0 \u00a0 65,-\n        <\/td>\n  \n        <\/tr>\n  \n\n        <tr>\n        \n        <td>\n        Studio \u00a0 \u00a0 \u00a0 \u00a0 \u00a0 \u00a0 \u00a0 \u00a0 \u00a0 \u00a0 \u00a0 \u00a0 \u00a0 \u00a0 \u00a0 \u00a035,- \u00a0 \u00a0 \u00a0 \u00a0 \u00a0 \u00a0 \u00a0 \u00a0 65,-\n        <\/td>\n  \n        <\/tr>\n  \n\n        <tr>\n        \n        <td>\n        FW Bergblick \u00a0 \u00a0 \u00a0 \u00a0 \u00a0 \u00a0 \u00a0 \u00a0 \u00a0 \u00a0 35,- \u00a0 \u00a0 \u00a0 \u00a0 \u00a0 \u00a0 \u00a0 \u00a065,-\n        <\/td>\n  \n        <\/tr>\n  \n\n        <tr>\n        \n        <td>\n        FW\u00a0Seeblick \u00a0 \u00a0 \u00a0 \u00a0 \u00a0 \u00a0 \u00a0 \u00a0 \u00a0 \u00a0 \u00a0 35,- \u00a0 \u00a0 \u00a0 \u00a0 \u00a0 \u00a0 \u00a0 \u00a0 65,-\n        <\/td>\n  \n        <\/tr>\n  \n        <\/tbody>\n        <\/table>\n  <\/div><\/div><\/div><div class=\"vc_row wpb_row vc_row-fluid\"><div class=\"wpb_column vc_column_container vc_col-sm-12 vc_hidden-lg vc_hidden-md vc_hidden-sm\"><div class=\"wpb_wrapper\"><div class=\"vc_tta-container\" data-vc-action=\"collapse\"><div class=\"vc_general vc_tta vc_tta-accordion vc_tta-color-grey vc_tta-style-classic vc_tta-shape-rounded vc_tta-o-shape-group vc_tta-controls-align-left\"><div class=\"vc_tta-panels-container\"><div class=\"vc_tta-panels\"><div class=\"vc_tta-panel vc_active\" id=\"1453552823891-837f30e1-13be\" data-vc-content=\".vc_tta-panel-body\"><div class=\"vc_tta-panel-heading\"><h4 class=\"vc_tta-panel-title vc_tta-controls-icon-position-left\"><a href=\"#1453552823891-837f30e1-13be\" data-vc-accordion data-vc-container=\".vc_tta-container\"><span class=\"vc_tta-title-text\">Zahlungen<\/span><i class=\"vc_tta-controls-icon vc_tta-controls-icon-plus\"><\/i><\/a><\/h4><\/div><div class=\"vc_tta-panel-body\">\n\t<div class=\"wpb_text_column wpb_content_element \">\n\t\t<div class=\"wpb_wrapper\">\n\t\t\t<p><strong>Anzahlung:<\/strong><br \/>\npro Buchung: EUR 100,00<\/p>\n<p><strong>Zahlungsm\u00f6glichkeiten:<\/strong><br \/>\nKreditkarten (MasterCard, VISA), Euroscheck, Bank\u00fcberweisung<\/p>\n<p><strong>Bankverbindung:<\/strong><br \/>\nRaiffeisenbank St.Gilgen-Fuschl-Strobl<br \/>\nIBAN: AT773505600001024033<br \/>\nSWIFT: RVSAAT2S056<\/p>\n\n\t\t<\/div>\n\t<\/div>\n<\/div><\/div><div class=\"vc_tta-panel\" id=\"1453552823892-1986292b-8034\" data-vc-content=\".vc_tta-panel-body\"><div class=\"vc_tta-panel-heading\"><h4 class=\"vc_tta-panel-title vc_tta-controls-icon-position-left\"><a href=\"#1453552823892-1986292b-8034\" data-vc-accordion data-vc-container=\".vc_tta-container\"><span class=\"vc_tta-title-text\">Stornobedingungen<\/span><i class=\"vc_tta-controls-icon vc_tta-controls-icon-plus\"><\/i><\/a><\/h4><\/div><div class=\"vc_tta-panel-body\">\n\t<div class=\"wpb_text_column wpb_content_element \">\n\t\t<div class=\"wpb_wrapper\">\n\t\t\t<p style=\"text-align: center;\"><strong>Stornierungen:<\/strong><\/p>\n<ul>\n<li>die bis zu 30 Tage vor Anreisedatum erfolgen, sind kostenfrei<\/li>\n<li>die bis zu 21 Tage vor Abreisedatum erfolgen, werden mit 40 Prozent des Preises der gesamten Buchung berechnet.<\/li>\n<li>die bis zu 14 Tage vor Abreisedatum erfolgen, werden mit 60 Prozent des Preises der gesamten Buchung berechnet.<\/li>\n<li>die bis zu 7 Tage vor Abreisedatum erfolgen, werden mit 80 Prozent des Preises der gesamten Buchung berechnet.<\/li>\n<\/ul>\n<p style=\"text-align: center;\"><strong>F\u00fcr unsere G\u00e4ste besteht die M\u00f6glichkeit eine\u00a0<a href=\"https:\/\/www.europaeische.at\/privatreisen\/urlaub-in-oesterreich.html\" target=\"_blank\" rel=\"noopener\">Europ\u00e4ische Reisestornoversicherung<\/a>\u00a0abzuschlie\u00dfen.<\/strong><\/p>\n\n\t\t<\/div>\n\t<\/div>\n<\/div><\/div><\/div><\/div><\/div><\/div><\/div><\/div><\/div><div class=\"vc_row wpb_row vc_row-fluid vc_custom_1457294852906\"><div class=\"wpb_column vc_column_container vc_col-sm-12 vc_hidden-xs\"><div class=\"wpb_wrapper\"><div class=\"vc_tta-container\" data-vc-action=\"collapse\"><div class=\"vc_general vc_tta vc_tta-tabs vc_tta-color-grey vc_tta-style-classic vc_tta-shape-rounded vc_tta-spacing-1 vc_tta-tabs-position-top vc_tta-controls-align-left\"><div class=\"vc_tta-tabs-container\"><ul class=\"vc_tta-tabs-list\"><li class=\"vc_tta-tab vc_active\" data-vc-tab><a href=\"#1457294566355-9b9cd2c7-b18e\" data-vc-tabs data-vc-container=\".vc_tta\"><i class=\"vc_tta-icon fa fa-credit-card\"><\/i><span class=\"vc_tta-title-text\">Deposit and Payment<\/span><\/a><\/li><li class=\"vc_tta-tab\" data-vc-tab><a href=\"#1457294566446-20719169-a08b\" data-vc-tabs data-vc-container=\".vc_tta\"><i class=\"vc_tta-icon fa fa-file-text\"><\/i><span class=\"vc_tta-title-text\">Cancellation and amendments fees<\/span><\/a><\/li><\/ul><\/div><div class=\"vc_tta-panels-container\"><div class=\"vc_tta-panels\"><div class=\"vc_tta-panel vc_active\" id=\"1457294566355-9b9cd2c7-b18e\" data-vc-content=\".vc_tta-panel-body\"><div class=\"vc_tta-panel-heading\"><h4 class=\"vc_tta-panel-title\"><a href=\"#1457294566355-9b9cd2c7-b18e\" data-vc-accordion data-vc-container=\".vc_tta-container\"><i class=\"vc_tta-icon fa fa-credit-card\"><\/i><span class=\"vc_tta-title-text\">Deposit and Payment<\/span><\/a><\/h4><\/div><div class=\"vc_tta-panel-body\">\n\t<div class=\"wpb_text_column wpb_content_element \">\n\t\t<div class=\"wpb_wrapper\">\n\t\t\t<p style=\"text-align: center;\"><strong>Deposit:<\/strong><br \/>\nPer booking EURO 100,-<\/p>\n<p style=\"text-align: center;\"><strong>Means of payment:<\/strong><br \/>\nCredit Card (MasterCard, VISA) Euro cheques, bank transfer, cash<\/p>\n<p style=\"text-align: center;\"><strong>Bank:<\/strong><br \/>\nRaiffeisenbank St.Gilgen-Fuschl-Strobl<br \/>\nIBAN: AT773505600001024033<br \/>\nSWIFT: RVSAAT2S056<\/p>\n\n\t\t<\/div>\n\t<\/div>\n<\/div><\/div><div class=\"vc_tta-panel\" id=\"1457294566446-20719169-a08b\" data-vc-content=\".vc_tta-panel-body\"><div class=\"vc_tta-panel-heading\"><h4 class=\"vc_tta-panel-title\"><a href=\"#1457294566446-20719169-a08b\" data-vc-accordion data-vc-container=\".vc_tta-container\"><i class=\"vc_tta-icon fa fa-file-text\"><\/i><span class=\"vc_tta-title-text\">Cancellation and amendments fees<\/span><\/a><\/h4><\/div><div class=\"vc_tta-panel-body\">\n\t<div class=\"wpb_text_column wpb_content_element \">\n\t\t<div class=\"wpb_wrapper\">\n\t\t\t<p><strong>Cancellations and amendments<\/strong> made:<\/p>\n<ul>\n<li>up to 30 days prior to the arrival date are free of charge<\/li>\n<li>up to 21 days prior to the arrival date fees of 40% of the total booking price will be charged<\/li>\n<li>up to 14 days prior to the arrival date fees of 60% of the total booking price will be charged<\/li>\n<li>up to 7 days prior to the arrival date fees of 80% of the total booking price will be charged<\/li>\n<\/ul>\n<p><strong>We offer our guests the possibility to take out <a href=\"https:\/\/www.europaeische.at\/en\/private-travel\/vacation-in-austria.html\" target=\"_blank\" rel=\"noopener\">European Travel Cancellation Insurance<\/a>.<\/strong><\/p>\n\n\t\t<\/div>\n\t<\/div>\n<\/div><\/div><\/div><\/div><\/div><\/div><\/div><\/div><\/div>\n","protected":false},"excerpt":{"rendered":"Apartement prices Prices for all our holiday flats at a glance \u00a0 \u00a0 \u00a0 \u00a0 \u00a0 \u00a0 \u00a0 \u00a0 Vor- und Nachsaison\u00a0 \u00a0 \u00a0 \u00a0 \u00a0 \u00a0 \u00a0 \u00a0 \u00a0 \u00a0 \u00a0 \u00a0 \u00a0 \u00a0 \u00a0x -x \u00a0 \u00a0 \u00a0 \u00a0 \u00a0 \u00a0 \u00a0 \u00a0 \u00a0 \u00a0 \u00a0 \u00a0 \u00a0 \u00a0 \u00a0\u00a0 \u00a0 \u00a0 \u00a0 [...]","protected":false},"author":1,"featured_media":0,"parent":0,"menu_order":0,"comment_status":"closed","ping_status":"closed","template":"page-slider-reservation.php","meta":[],"_links":{"self":[{"href":"https:\/\/www.pension-antonia.at\/en\/wp-json\/wp\/v2\/pages\/1062"}],"collection":[{"href":"https:\/\/www.pension-antonia.at\/en\/wp-json\/wp\/v2\/pages"}],"about":[{"href":"https:\/\/www.pension-antonia.at\/en\/wp-json\/wp\/v2\/types\/page"}],"author":[{"embeddable":true,"href":"https:\/\/www.pension-antonia.at\/en\/wp-json\/wp\/v2\/users\/1"}],"replies":[{"embeddable":true,"href":"https:\/\/www.pension-antonia.at\/en\/wp-json\/wp\/v2\/comments?post=1062"}],"version-history":[{"count":4,"href":"https:\/\/www.pension-antonia.at\/en\/wp-json\/wp\/v2\/pages\/1062\/revisions"}],"predecessor-version":[{"id":1709,"href":"https:\/\/www.pension-antonia.at\/en\/wp-json\/wp\/v2\/pages\/1062\/revisions\/1709"}],"wp:attachment":[{"href":"https:\/\/www.pension-antonia.at\/en\/wp-json\/wp\/v2\/media?parent=1062"}],"curies":[{"name":"wp","href":"https:\/\/api.w.org\/{rel}","templated":true}]}}